{"id":3,"date":"2024-10-31T18:05:54","date_gmt":"2024-10-31T18:05:54","guid":{"rendered":"https:\/\/green-mind.hastastudio.com\/?page_id=3"},"modified":"2025-09-09T13:27:08","modified_gmt":"2025-09-09T13:27:08","slug":"polityka-prywatnosci","status":"publish","type":"page","link":"https:\/\/green-mind.hastastudio.com\/fr\/polityka-prywatnosci\/","title":{"rendered":"Politique de confidentialit\u00e9"},"content":{"rendered":"<h2 class=\"wp-block-heading\"><strong>Informacje og\u00f3lne<\/strong><\/h2>\n\n\n\n<ul class=\"wp-block-list\">\n<li>Niniejsza polityka dotyczy Serwisu www, funkcjonuj\u0105cego pod adresem url:\u00a0<strong><a href=\"https:\/\/greenmindsystems.com\" target=\"_blank\" rel=\"noopener\">greenmindsystems.com<\/a><\/strong><\/li>\n\n\n\n<li><strong>\u200d<\/strong>Operatorem serwisu oraz Administratorem danych osobowych jest: \u00a0<strong>GreenMind Systems S.A.<\/strong><br>Biuro w Warszawie: Wilan\u00f3w Office Park Adama Branickiego 15, 02-972 Warszawa<\/li>\n\n\n\n<li>Adres kontaktowy poczty elektronicznej operatora:\u00a0<a href=\"mailto:info@greenmindsystems.com\"><a href=\"mailto:info@greenmindsystems.com\">info@greenmindsystems.com<\/a><\/a><\/li>\n\n\n\n<li>Operator jest Administratorem Twoich danych osobowych w odniesieniu do danych podanych dobrowolnie w Serwisie.<\/li>\n<\/ul>\n\n\n\n<p>Serwis wykorzystuje dane osobowe w nast\u0119puj\u0105cych celach:<\/p>\n\n\n\n<ul class=\"wp-block-list\">\n<li>Obs\u0142uga zapyta\u0144 przez formularz<\/li>\n\n\n\n<li>Realizacja zam\u00f3wionych us\u0142ug<\/li>\n\n\n\n<li>Prezentacja oferty lub informacji<\/li>\n\n\n\n<li>Prowadzenie rozm\u00f3w typu chat online<\/li>\n\n\n\n<li>Prowadzenie newslettera<\/li>\n<\/ul>\n\n\n\n<p>Serwis realizuje funkcje pozyskiwania informacji o u\u017cytkownikach i ich zachowaniu w nast\u0119puj\u0105cy spos\u00f3b:<\/p>\n\n\n\n<ul class=\"wp-block-list\">\n<li>Poprzez dobrowolnie wprowadzone w formularzach dane, kt\u00f3re zostaj\u0105 wprowadzone do system\u00f3w Operatora.<\/li>\n\n\n\n<li>Poprzez zapisywanie w urz\u0105dzeniach ko\u0144cowych plik\u00f3w cookie (tzw. \u201eciasteczka\u201d).<\/li>\n<\/ul>\n\n\n\n<h3 class=\"wp-block-heading\"><strong>Wybrane metody ochrony danych stosowane przez Operatora<\/strong><\/h3>\n\n\n\n<p>Miejsca logowania i wprowadzania danych osobowych s\u0105 chronione w warstwie transmisji (certyfikat SSL). Dzi\u0119ki temu dane osobowe i dane logowania, wprowadzone na stronie, zostaj\u0105 zaszyfrowane w komputerze u\u017cytkownika i mog\u0105 by\u0107 odczytane jedynie na docelowym serwerze. Operator okresowo zmienia swoje has\u0142a administracyjne. W celu ochrony danych Operator regularnie wykonuje kopie bezpiecze\u0144stwa. Istotnym elementem ochrony danych jest regularna aktualizacja wszelkiego oprogramowania, wykorzystywanego przez Operatora do przetwarzania danych osobowych, co w szczeg\u00f3lno\u015bci oznacza regularne aktualizacje komponent\u00f3w programistycznych.<\/p>\n\n\n\n<h3 class=\"wp-block-heading\"><strong>Twoje prawa i dodatkowe informacje o sposobie wykorzystania danych<\/strong><\/h3>\n\n\n\n<p>W niekt\u00f3rych sytuacjach Administrator ma prawo przekazywa\u0107 Twoje dane osobowe innym odbiorcom, je\u015bli b\u0119dzie to niezb\u0119dne do wykonania zawartej z Tob\u0105 umowy lub do zrealizowania obowi\u0105zk\u00f3w ci\u0105\u017c\u0105cych na Administratorze. Dotyczy to takich grup odbiorc\u00f3w:<\/p>\n\n\n\n<ul class=\"wp-block-list\">\n<li>firma hostingowa na zasadzie powierzenia<\/li>\n\n\n\n<li>upowa\u017cnieni pracownicy i wsp\u00f3\u0142pracownicy, kt\u00f3rzy korzystaj\u0105 z danych w celu realizacji celu dzia\u0142ania strony<\/li>\n<\/ul>\n\n\n\n<p>Twoje dane osobowe przetwarzane przez Administratora nie d\u0142u\u017cej, ni\u017c jest to konieczne do wykonania zwi\u0105zanych z nimi czynno\u015bci okre\u015blonych osobnymi przepisami (np. o prowadzeniu rachunkowo\u015bci). W odniesieniu do danych marketingowych dane nie b\u0119d\u0105 przetwarzane d\u0142u\u017cej ni\u017c przez 3 lata.<\/p>\n\n\n\n<p>Przys\u0142uguje Ci prawo \u017c\u0105dania od Administratora:<\/p>\n\n\n\n<ul class=\"wp-block-list\">\n<li>dost\u0119pu do danych osobowych Ciebie dotycz\u0105cych,<\/li>\n\n\n\n<li>ich sprostowania,<\/li>\n\n\n\n<li>usuni\u0119cia,<\/li>\n\n\n\n<li>ograniczenia przetwarzania,<\/li>\n\n\n\n<li>oraz przenoszenia danych.<\/li>\n<\/ul>\n\n\n\n<p>Przys\u0142uguje Ci prawo do z\u0142o\u017cenia sprzeciwu w zakresie przetwarzania wskazanego w pkt 3.3 c) wobec przetwarzania danych osobowych w celu wykonania prawnie uzasadnionych interes\u00f3w realizowanych przez Administratora, w tym profilowania, przy czym prawo sprzeciwu nie b\u0119dzie mog\u0142o by\u0107 wykonane w przypadku istnienia wa\u017cnych prawnie uzasadnionych podstaw do przetwarzania, nadrz\u0119dnych wobec Ciebie interes\u00f3w, praw i wolno\u015bci, w szczeg\u00f3lno\u015bci ustalenia, dochodzenia lub obrony roszcze\u0144.<\/p>\n\n\n\n<p>Na dzia\u0142ania Administratora przys\u0142uguje skarga do Prezesa Urz\u0119du Ochrony Danych Osobowych, ul. Stawki 2, 00-193 Warszawa.<\/p>\n\n\n\n<p>Podanie danych osobowych jest dobrowolne, lecz niezb\u0119dne do obs\u0142ugi Serwisu.<\/p>\n\n\n\n<p>W stosunku do Ciebie mog\u0105 by\u0107 podejmowane czynno\u015bci polegaj\u0105ce na zautomatyzowanym podejmowaniu decyzji, w tym profilowaniu w celu \u015bwiadczenia us\u0142ug w ramach zawartej umowy oraz w celu prowadzenia przez Administratora marketingu bezpo\u015bredniego.<\/p>\n\n\n\n<p>Dane osobowe nie s\u0105 przekazywane od kraj\u00f3w trzecich w rozumieniu przepis\u00f3w o ochronie danych osobowych. Oznacza to, \u017ce nie przesy\u0142amy ich poza teren Unii Europejskiej.<\/p>\n\n\n\n<h3 class=\"wp-block-heading\"><strong>Informacje w formularzach<\/strong><\/h3>\n\n\n\n<p>Serwis zbiera informacje podane dobrowolnie przez u\u017cytkownika, w tym dane osobowe, o ile zostan\u0105 one podane. Serwis mo\u017ce zapisa\u0107 informacje o parametrach po\u0142\u0105czenia (oznaczenie czasu, adres IP). Serwis, w niekt\u00f3rych wypadkach, mo\u017ce zapisa\u0107 informacj\u0119 u\u0142atwiaj\u0105c\u0105 powi\u0105zanie danych w formularzu z adresem e-mail u\u017cytkownika wype\u0142niaj\u0105cego formularz. W takim wypadku adres e-mail u\u017cytkownika pojawia si\u0119 wewn\u0105trz adresu url strony zawieraj\u0105cej formularz. Dane podane w formularzu s\u0105 przetwarzane w celu wynikaj\u0105cym z funkcji konkretnego formularza, np. w celu dokonania procesu obs\u0142ugi zg\u0142oszenia serwisowego lub kontaktu handlowego, rejestracji us\u0142ug itp. Ka\u017cdorazowo kontekst i opis formularza w czytelny spos\u00f3b informuje, do czego on s\u0142u\u017cy.<\/p>\n\n\n\n<h3 class=\"wp-block-heading\"><strong>Logi Administratora<\/strong><\/h3>\n\n\n\n<p>Informacje zachowaniu u\u017cytkownik\u00f3w w serwisie mog\u0105 podlega\u0107 logowaniu. Dane te s\u0105 wykorzystywane w celu administrowania serwisem.<\/p>\n\n\n\n<h3 class=\"wp-block-heading\"><strong>Istotne techniki marketingowe<\/strong><\/h3>\n\n\n\n<p>Operator stosuje analiz\u0119 statystyczn\u0105 ruchu na stronie, poprzez Google Analytics (Google Inc. z siedzib\u0105 w USA). Operator nie przekazuje do operatora tej us\u0142ugi danych osobowych, a jedynie zanonimizowane informacje. Us\u0142uga bazuje na wykorzystaniu ciasteczek w urz\u0105dzeniu ko\u0144cowym u\u017cytkownika. W zakresie informacji o preferencjach u\u017cytkownika gromadzonych przez sie\u0107 reklamow\u0105 Google u\u017cytkownik mo\u017ce przegl\u0105da\u0107 i edytowa\u0107 informacje wynikaj\u0105ce z plik\u00f3w cookies przy pomocy narz\u0119dzia: https:\/\/www.google.com\/ads\/preferences\/<br>\u200d<br>Operator stosuje techniki remarketingowe, pozwalaj\u0105ce na dopasowanie przekaz\u00f3w reklamowych do zachowania u\u017cytkownika na stronie, co mo\u017ce dawa\u0107 z\u0142udzenie, \u017ce dane osobowe u\u017cytkownika s\u0105 wykorzystywane do jego \u015bledzenia, jednak w praktyce nie dochodzi do przekazania \u017cadnych danych osobowych od Operatora do operatorom reklam. Technologicznym warunkiem takich dzia\u0142a\u0144 jest w\u0142\u0105czona obs\u0142uga plik\u00f3w cookie. Operator stosuje korzysta z piksela Facebooka. Ta technologia powoduje, \u017ce serwis Facebook (Facebook Inc. z siedzib\u0105 w USA) wie, \u017ce dana osoba w nim zarejestrowana korzysta z Serwisu. Bazuje w tym wypadku na danych, wobec kt\u00f3rych sam jest administratorem, Operator nie przekazuje od siebie \u017cadnych dodatkowych danych osobowych serwisowi Facebook. Us\u0142uga bazuje na wykorzystaniu ciasteczek w urz\u0105dzeniu ko\u0144cowym u\u017cytkownika.<\/p>\n\n\n\n<h3 class=\"wp-block-heading\"><strong>Informacja o plikach cookies<\/strong><\/h3>\n\n\n\n<p>Serwis korzysta z plik\u00f3w cookies. Pliki cookies (tzw. \u201eciasteczka\u201d) stanowi\u0105 dane informatyczne, w szczeg\u00f3lno\u015bci pliki tekstowe, kt\u00f3re przechowywane s\u0105 w urz\u0105dzeniu ko\u0144cowym U\u017cytkownika Serwisu i przeznaczone s\u0105 do korzystania ze stron internetowych Serwisu. Cookies zazwyczaj zawieraj\u0105 nazw\u0119 strony internetowej, z kt\u00f3rej pochodz\u0105, czas przechowywania ich na urz\u0105dzeniu ko\u0144cowym oraz unikalny numer. Podmiotem zamieszczaj\u0105cym na urz\u0105dzeniu ko\u0144cowym U\u017cytkownika Serwisu pliki cookies oraz uzyskuj\u0105cym do nich dost\u0119p jest operator Serwisu.<\/p>\n\n\n\n<p>Pliki cookies wykorzystywane s\u0105 w nast\u0119puj\u0105cych celach:<\/p>\n\n\n\n<ul class=\"wp-block-list\">\n<li>utrzymanie sesji u\u017cytkownika Serwisu (po zalogowaniu), dzi\u0119ki kt\u00f3rej u\u017cytkownik nie musi na ka\u017cdej podstronie Serwisu ponownie wpisywa\u0107 loginu i has\u0142a;<\/li>\n\n\n\n<li>realizacji cel\u00f3w okre\u015blonych powy\u017cej w cz\u0119\u015bci \u201eIstotne techniki marketingowe\u201d;<\/li>\n<\/ul>\n\n\n\n<p>W ramach Serwisu stosowane s\u0105 dwa zasadnicze rodzaje plik\u00f3w cookies: \u201esesyjne\u201d (session cookies) oraz \u201esta\u0142e\u201d (persistent cookies). Cookies \u201esesyjne\u201d s\u0105 plikami tymczasowymi, kt\u00f3re przechowywane s\u0105 w urz\u0105dzeniu ko\u0144cowym U\u017cytkownika do czasu wylogowania, opuszczenia strony internetowej lub wy\u0142\u0105czenia oprogramowania (przegl\u0105darki internetowej). \u201eSta\u0142e\u201d pliki cookies przechowywane s\u0105 w urz\u0105dzeniu ko\u0144cowym U\u017cytkownika przez czas okre\u015blony w parametrach plik\u00f3w cookies lub do czasu ich usuni\u0119cia przez U\u017cytkownika.<br>\u200d<br>Oprogramowanie do przegl\u0105dania stron internetowych (przegl\u0105darka internetowa) zazwyczaj domy\u015blnie dopuszcza przechowywanie plik\u00f3w cookies w urz\u0105dzeniu ko\u0144cowym U\u017cytkownika. U\u017cytkownicy Serwisu mog\u0105 dokona\u0107 zmiany ustawie\u0144 w tym zakresie. Przegl\u0105darka internetowa umo\u017cliwia usuni\u0119cie plik\u00f3w cookies. Mo\u017cliwe jest tak\u017ce automatyczne blokowanie plik\u00f3w cookies. Szczeg\u00f3\u0142owe informacje na ten temat zawiera pomoc lub dokumentacja przegl\u0105darki internetowej.<br><br>Ograniczenia stosowania plik\u00f3w cookies mog\u0105 wp\u0142yn\u0105\u0107 na niekt\u00f3re funkcjonalno\u015bci dost\u0119pne na stronach internetowych Serwisu. Pliki cookies zamieszczane w urz\u0105dzeniu ko\u0144cowym U\u017cytkownika Serwisu wykorzystywane mog\u0105 by\u0107 r\u00f3wnie\u017c przez wsp\u00f3\u0142pracuj\u0105ce z operatorem Serwisu podmioty, w szczeg\u00f3lno\u015bci dotyczy to firm: Google (Google Inc. z siedzib\u0105 w USA), Facebook (Facebook Inc. z siedzib\u0105 w USA), Twitter (Twitter Inc. z siedzib\u0105 w USA).<\/p>\n\n\n\n<p>\u200d<\/p>\n\n\n\n<h3 class=\"wp-block-heading\"><strong>Zarz\u0105dzanie plikami cookies<\/strong><\/h3>\n\n\n\n<p>Je\u015bli u\u017cytkownik nie chce otrzymywa\u0107 plik\u00f3w cookies, mo\u017ce zmieni\u0107 ustawienia przegl\u0105darki. Zastrzegamy, \u017ce wy\u0142\u0105czenie obs\u0142ugi plik\u00f3w cookies niezb\u0119dnych dla proces\u00f3w uwierzytelniania, bezpiecze\u0144stwa, utrzymania preferencji u\u017cytkownika mo\u017ce utrudni\u0107, a w skrajnych przypadkach mo\u017ce uniemo\u017cliwi\u0107 korzystanie ze stron www.<\/p>\n\n\n\n<p>W celu zarz\u0105dzania ustawienia cookies wybierz z listy poni\u017cej przegl\u0105dark\u0119 internetow\u0105, kt\u00f3rej u\u017cywasz i post\u0119puj zgodnie z instrukcjami:<\/p>\n\n\n\n<ul class=\"wp-block-list\">\n<li><a href=\"https:\/\/support.microsoft.com\/pl-pl\/microsoft-edge\/wy%C5%9Bwietlanie-i-usuwanie-historii-przegl%C4%85darki-w-programie-microsoft-edge-00cf7943-a9e1-975a-a33d-ac10ce454ca4\" target=\"_blank\" rel=\"noreferrer noopener\">Edge<\/a><\/li>\n\n\n\n<li><a href=\"https:\/\/support.microsoft.com\/pl-pl\/topic\/jak-usun%C4%85%C4%87-pliki-cookie-w-programie-internet-explorer-bca9446f-d873-78de-77ba-d42645fa52fc\" target=\"_blank\" rel=\"noreferrer noopener\">Internet Explorer<\/a><\/li>\n\n\n\n<li><a href=\"https:\/\/support.google.com\/chrome\/answer\/95647?hl=pl\" target=\"_blank\" rel=\"noreferrer noopener\">Chrome<\/a><\/li>\n\n\n\n<li><a href=\"https:\/\/support.apple.com\/pl-pl\/guide\/safari\/sfri11471\/mac\" target=\"_blank\" rel=\"noreferrer noopener\">Safari<\/a><\/li>\n\n\n\n<li><a href=\"https:\/\/help.opera.com\/pl\/latest\/web-preferences\/#cookies\" target=\"_blank\" rel=\"noreferrer noopener\">Opera<\/a><\/li>\n\n\n\n<li><a href=\"https:\/\/support.mozilla.org\/pl\/kb\/wzmocniona-ochrona-przed-sledzeniem-firefox-desktop?redirectslug=W%C5%82%C4%85czanie+i+wy%C5%82%C4%85czanie+obs%C5%82ugi+ciasteczek&amp;redirectlocale=pl\" target=\"_blank\" rel=\"noreferrer noopener\">Firefox<\/a><\/li>\n<\/ul>\n\n\n\n<p>Urz\u0105dzenia mobilne:<\/p>\n\n\n\n<ul class=\"wp-block-list\">\n<li><a href=\"https:\/\/support.microsoft.com\/pl-pl\/windows\/windows-phone-7-3ebc303c-59c0-d367-3995-f258b184fabb\" target=\"_blank\" rel=\"noreferrer noopener\">Windows Phone<\/a><\/li>\n\n\n\n<li><a href=\"https:\/\/support.google.com\/chrome\/answer\/95647?hl=pl\" target=\"_blank\" rel=\"noreferrer noopener\">Android<\/a><\/li>\n\n\n\n<li><a href=\"https:\/\/support.apple.com\/pl-pl\/HT201265\" target=\"_blank\" rel=\"noreferrer noopener\">Safari (iOS)<\/a><\/li>\n<\/ul>\n\n\n\n<p><\/p>","protected":false},"excerpt":{"rendered":"<p>Informacje og\u00f3lne Serwis wykorzystuje dane osobowe w nast\u0119puj\u0105cych celach: Serwis realizuje funkcje pozyskiwania informacji o u\u017cytkownikach i ich zachowaniu w nast\u0119puj\u0105cy spos\u00f3b: Wybrane metody ochrony danych stosowane przez Operatora Miejsca logowania i wprowadzania danych osobowych s\u0105 chronione w warstwie transmisji (certyfikat SSL). Dzi\u0119ki temu dane osobowe i dane logowania, wprowadzone na stronie, zostaj\u0105 zaszyfrowane w [&hellip;]<\/p>","protected":false},"author":1,"featured_media":0,"parent":0,"menu_order":0,"comment_status":"closed","ping_status":"closed","template":"","meta":{"_acf_changed":false,"footnotes":""},"class_list":["post-3","page","type-page","status-publish","hentry"],"acf":[],"_links":{"self":[{"href":"https:\/\/green-mind.hastastudio.com\/fr\/wp-json\/wp\/v2\/pages\/3","targetHints":{"allow":["GET"]}}],"collection":[{"href":"https:\/\/green-mind.hastastudio.com\/fr\/wp-json\/wp\/v2\/pages"}],"about":[{"href":"https:\/\/green-mind.hastastudio.com\/fr\/wp-json\/wp\/v2\/types\/page"}],"author":[{"embeddable":true,"href":"https:\/\/green-mind.hastastudio.com\/fr\/wp-json\/wp\/v2\/users\/1"}],"replies":[{"embeddable":true,"href":"https:\/\/green-mind.hastastudio.com\/fr\/wp-json\/wp\/v2\/comments?post=3"}],"version-history":[{"count":7,"href":"https:\/\/green-mind.hastastudio.com\/fr\/wp-json\/wp\/v2\/pages\/3\/revisions"}],"predecessor-version":[{"id":4778,"href":"https:\/\/green-mind.hastastudio.com\/fr\/wp-json\/wp\/v2\/pages\/3\/revisions\/4778"}],"wp:attachment":[{"href":"https:\/\/green-mind.hastastudio.com\/fr\/wp-json\/wp\/v2\/media?parent=3"}],"curies":[{"name":"wp","href":"https:\/\/api.w.org\/{rel}","templated":true}]}}